{"id":24,"date":"2011-07-28T14:03:15","date_gmt":"2011-07-28T14:03:15","guid":{"rendered":"http:\/\/www.slabke.de\/?page_id=24"},"modified":"2012-10-24T09:04:33","modified_gmt":"2012-10-24T09:04:33","slug":"erste-erwahnung","status":"publish","type":"page","link":"https:\/\/www.slabke.de\/?page_id=24","title":{"rendered":"Ersterw\u00e4hnung"},"content":{"rendered":"<p>Der \u00e4lteste \u201cechte\u201d Slabke ist zur Zeit &#8222;Mathes Slabke&#8220;, geboren um 162x und ein Vorfahre von Hanzo Nepila.<\/p>\n<p><img loading=\"lazy\" decoding=\"async\" src=\"http:\/\/www.slabke.de\/wp-content\/uploads\/2011\/07\/Mathes-Slabke.png\" alt=\"\" title=\"Mathes-Slabke\" width=\"836\" height=\"359\" class=\"alignnone size-full wp-image-60\" srcset=\"https:\/\/www.slabke.de\/wp-content\/uploads\/2011\/07\/Mathes-Slabke.png 836w, https:\/\/www.slabke.de\/wp-content\/uploads\/2011\/07\/Mathes-Slabke-300x128.png 300w\" sizes=\"(max-width: 836px) 100vw, 836px\" \/><\/p>\n<p>Noch verliert sich die Spur im 18. Jahrhundert. Wenige Kilometer entfernt tauchen die Slabkes jedoch bereits in dieser Zeit in Klein Jamno auf, so dass hier &#8222;nur&#8220; noch der entscheidene Link zwischen diesen beiden Zweigen fehlt. Spannend ist hierbei die hohe Dichte der bisher bekannten <a href=\"http:\/\/www.slabke.de\/?page_id=57\" title=\"Wohnorte\">Verbreitung der &#8222;Slabkes&#8220; bis ins 19. Jahrhundert<\/a>.<\/p>\n<h3>\u00dcbrigens<\/h3>\n<p>Erstmals wird der Name &#8222;Slabke&#8220;\u00a0am 19. Dezember 1333\u00a0in einer Dokumentation relevanter diplomatischer Ereignisse in B\u00f6hmen erw\u00e4hnt. Er diente als eine von drei Schreibweisen f\u00fcr &#8222;Blanke \/ Slanke \/ Slabke&#8220; von &#8222;Riesenburg \/ Riezenburch&#8220;. Dieser verkaufe am 19. Dezember 1333 L\u00e4ndereien (<a href=\"http:\/\/gallica.bnf.fr\/ark:\/12148\/bpt6k5696721c\/f823.image.r=slabke.langFR\">Quelle<\/a>, Seite 810). Eine weitere Erw\u00e4hnung im gleichen Dokument erfolgt 1349. Hier verzichtet Slabke von Riesenburg auf Anspr\u00fcche auf L\u00e4ndereien in B\u00f6hmen.<\/p>\n<p>Leider ist nicht davon auszugehen, dass Slabke von Riesenburg wirklich der &#8222;Ur-Slabke&#8220; ist \ud83d\ude41<\/p>\n","protected":false},"excerpt":{"rendered":"<p>Der \u00e4lteste \u201cechte\u201d Slabke ist zur Zeit &#8222;Mathes Slabke&#8220;, geboren um 162x und ein Vorfahre von Hanzo Nepila. Noch verliert sich die Spur im 18. Jahrhundert. Wenige Kilometer entfernt tauchen die Slabkes jedoch bereits in dieser Zeit in Klein Jamno auf, so dass hier &#8222;nur&#8220; noch der entscheidene Link zwischen diesen beiden Zweigen fehlt. Spannend [&hellip;]<\/p>\n","protected":false},"author":1,"featured_media":0,"parent":4,"menu_order":1,"comment_status":"open","ping_status":"open","template":"","meta":{"footnotes":""},"_links":{"self":[{"href":"https:\/\/www.slabke.de\/index.php?rest_route=\/wp\/v2\/pages\/24"}],"collection":[{"href":"https:\/\/www.slabke.de\/index.php?rest_route=\/wp\/v2\/pages"}],"about":[{"href":"https:\/\/www.slabke.de\/index.php?rest_route=\/wp\/v2\/types\/page"}],"author":[{"embeddable":true,"href":"https:\/\/www.slabke.de\/index.php?rest_route=\/wp\/v2\/users\/1"}],"replies":[{"embeddable":true,"href":"https:\/\/www.slabke.de\/index.php?rest_route=%2Fwp%2Fv2%2Fcomments&post=24"}],"version-history":[{"count":7,"href":"https:\/\/www.slabke.de\/index.php?rest_route=\/wp\/v2\/pages\/24\/revisions"}],"predecessor-version":[{"id":69,"href":"https:\/\/www.slabke.de\/index.php?rest_route=\/wp\/v2\/pages\/24\/revisions\/69"}],"up":[{"embeddable":true,"href":"https:\/\/www.slabke.de\/index.php?rest_route=\/wp\/v2\/pages\/4"}],"wp:attachment":[{"href":"https:\/\/www.slabke.de\/index.php?rest_route=%2Fwp%2Fv2%2Fmedia&parent=24"}],"curies":[{"name":"wp","href":"https:\/\/api.w.org\/{rel}","templated":true}]}}