{"id":16,"date":"2011-07-28T13:53:42","date_gmt":"2011-07-28T13:53:42","guid":{"rendered":"http:\/\/www.slabke.de\/?page_id=16"},"modified":"2013-04-16T18:02:38","modified_gmt":"2013-04-16T18:02:38","slug":"stammbaume","status":"publish","type":"page","link":"https:\/\/www.slabke.de\/?page_id=16","title":{"rendered":"Stammb\u00e4ume"},"content":{"rendered":"<p>Im Rahmen meiner bisherigen Recherchen konnten alle lebenden \u201cSlabkes\u201d auf 3 Stammv\u00e4ter zur\u00fcckgef\u00fchrt werden:<\/p>\n<ul>\n<li><a href=\"http:\/\/www.myheritage.com\/site-family-tree-73160531\/slabke?lang=DE&amp;familyTreeID=4\" target=\"_blank\">Stammbaum Ferdinand August Slabke (ab 1810)\u00a0<\/a><\/li>\n<li><a href=\"http:\/\/www.myheritage.com\/site-family-tree-73160531\/slabke?lang=DE&amp;familyTreeID=3\" target=\"_blank\">Stammbaum Johann Slabke (ab 1780)\u00a0<\/a><\/li>\n<li><a href=\"http:\/\/www.myheritage.com\/site-family-tree-73160531\/slabke?lang=DE&amp;familyTreeID=1\" target=\"_blank\">Stammbaum G\u00fcnther Johann Slabke (ab 1810)\u00a0<\/a><\/li>\n<\/ul>\n<p>Aus anderen Quellen ergeben sich noch 3 weitere &#8222;Abschnitte&#8220;, die bisher nicht mit den Stammb\u00e4umen verbunden sind:<\/p>\n<ul>\n<li><a href=\"http:\/\/mathes-slabke.myheritage.com\/\" target=\"_blank\">Stammbaum Mathes Slabke (ca. ab 1620, Rohne)<\/a><\/li>\n<li><a href=\"http:\/\/hans-slabke.myheritage.de\" target=\"_blank\">Stammbaum Hans Slabke (ca. ab 1670, Klein Jamno)\u00a0<\/a><\/li>\n<li><a href=\"http:\/\/johann-slabke.myheritage.de\" target=\"_blank\">Stammbaum Johann Friedrich Slabke (ca. ab 1775, Muskau Zittau)<\/a><\/li>\n<\/ul>\n<p>Zus\u00e4tzlich existieren noch mehrere\u00a0<a href=\"http:\/\/www.slabke.de\/?page_id=10\">nicht verkn\u00fcpfte Slabkes<\/a>\u00a0in unterschiedlichsten Quellen.<\/p>\n","protected":false},"excerpt":{"rendered":"<p>Im Rahmen meiner bisherigen Recherchen konnten alle lebenden \u201cSlabkes\u201d auf 3 Stammv\u00e4ter zur\u00fcckgef\u00fchrt werden: Stammbaum Ferdinand August Slabke (ab 1810)\u00a0 Stammbaum Johann Slabke (ab 1780)\u00a0 Stammbaum G\u00fcnther Johann Slabke (ab 1810)\u00a0 Aus anderen Quellen ergeben sich noch 3 weitere &#8222;Abschnitte&#8220;, die bisher nicht mit den Stammb\u00e4umen verbunden sind: Stammbaum Mathes Slabke (ca. ab 1620, Rohne) [&hellip;]<\/p>\n","protected":false},"author":1,"featured_media":0,"parent":4,"menu_order":20,"comment_status":"open","ping_status":"closed","template":"","meta":{"footnotes":""},"_links":{"self":[{"href":"https:\/\/www.slabke.de\/index.php?rest_route=\/wp\/v2\/pages\/16"}],"collection":[{"href":"https:\/\/www.slabke.de\/index.php?rest_route=\/wp\/v2\/pages"}],"about":[{"href":"https:\/\/www.slabke.de\/index.php?rest_route=\/wp\/v2\/types\/page"}],"author":[{"embeddable":true,"href":"https:\/\/www.slabke.de\/index.php?rest_route=\/wp\/v2\/users\/1"}],"replies":[{"embeddable":true,"href":"https:\/\/www.slabke.de\/index.php?rest_route=%2Fwp%2Fv2%2Fcomments&post=16"}],"version-history":[{"count":10,"href":"https:\/\/www.slabke.de\/index.php?rest_route=\/wp\/v2\/pages\/16\/revisions"}],"predecessor-version":[{"id":73,"href":"https:\/\/www.slabke.de\/index.php?rest_route=\/wp\/v2\/pages\/16\/revisions\/73"}],"up":[{"embeddable":true,"href":"https:\/\/www.slabke.de\/index.php?rest_route=\/wp\/v2\/pages\/4"}],"wp:attachment":[{"href":"https:\/\/www.slabke.de\/index.php?rest_route=%2Fwp%2Fv2%2Fmedia&parent=16"}],"curies":[{"name":"wp","href":"https:\/\/api.w.org\/{rel}","templated":true}]}}